{"id":94,"date":"2020-10-17T01:13:06","date_gmt":"2020-10-17T04:13:06","guid":{"rendered":"https:\/\/litcult.net.br\/luizalobo\/?page_id=94"},"modified":"2020-10-17T10:15:23","modified_gmt":"2020-10-17T13:15:23","slug":"premios","status":"publish","type":"page","link":"https:\/\/litcult.net.br\/luizalobo\/premios\/","title":{"rendered":"PR\u00caMIOS"},"content":{"rendered":"<p><em>Ambas as m\u00e3os sobre o corpo<\/em> \u2013 an\u00e1lise de Maria Teresa Horta \u2013 Pr\u00eamio e ensaio Padre Magne, da PUC\/RJ. 1976.<\/p>\n<hr \/>\n<p><em>Por tr\u00e1s dos muros: arte-f\u00e1bulas <\/em>\u2013 contos. (Rio de Janeiro, Bras\u00edlia, 1976). Men\u00e7\u00e3o honrosa da UBE-RJ.<\/p>\n<hr \/>\n<p><em>Terras proibidas<\/em>. Romance. Rio de Janeiro, Rocco, 2011. 494 p. Pr\u00eamio Nacional de Narrativa do Pen Clube do Brasil, 2013.<\/p>\n<hr \/>\n<p>Conjunto da obra \u2013 UBE-RJ &#8211; Diretoria. Pr\u00eamio Umberto Peregrino. Dezembro de 2017.<\/p>\n","protected":false},"excerpt":{"rendered":"<p>Ambas as m\u00e3os sobre o corpo \u2013 an\u00e1lise de Maria Teresa Horta \u2013 Pr\u00eamio e ensaio Padre Magne, da PUC\/RJ. 1976. Por tr\u00e1s dos muros: arte-f\u00e1bulas \u2013 contos. (Rio de Janeiro, Bras\u00edlia, 1976). Men\u00e7\u00e3o honrosa da UBE-RJ. Terras proibidas. Romance. Rio de Janeiro, Rocco, 2011. 494 p. Pr\u00eamio Nacional de Narrativa do Pen Clube do [&hellip;]<\/p>\n","protected":false},"author":1,"featured_media":0,"parent":0,"menu_order":0,"comment_status":"closed","ping_status":"closed","template":"","meta":{"_uag_custom_page_level_css":"","advgb_blocks_editor_width":"","advgb_blocks_columns_visual_guide":"","footnotes":""},"class_list":["post-94","page","type-page","status-publish","hentry"],"featured_image_src":null,"uagb_featured_image_src":{"full":false,"thumbnail":false,"medium":false,"medium_large":false,"large":false,"1536x1536":false,"2048x2048":false,"ultp_layout_landscape_large":false,"ultp_layout_landscape":false,"ultp_layout_portrait":false,"ultp_layout_square":false},"uagb_author_info":{"display_name":"litcult","author_link":"https:\/\/litcult.net.br\/luizalobo\/author\/litcult\/"},"uagb_comment_info":0,"uagb_excerpt":"Ambas as m\u00e3os sobre o corpo \u2013 an\u00e1lise de Maria Teresa Horta \u2013 Pr\u00eamio e ensaio Padre Magne, da PUC\/RJ. 1976. Por tr\u00e1s dos muros: arte-f\u00e1bulas \u2013 contos. (Rio de Janeiro, Bras\u00edlia, 1976). Men\u00e7\u00e3o honrosa da UBE-RJ. Terras proibidas. Romance. Rio de Janeiro, Rocco, 2011. 494 p. Pr\u00eamio Nacional de Narrativa do Pen Clube do&hellip;","coauthors":[],"author_meta":{"author_link":"https:\/\/litcult.net.br\/luizalobo\/author\/litcult\/","display_name":"litcult"},"relative_dates":{"created":"Publicado 6 anos atr\u00e1s","modified":"Atualizado 6 anos atr\u00e1s"},"absolute_dates":{"created":"Publicado em 17\/10\/2020","modified":"Atualizado em 17\/10\/2020"},"absolute_dates_time":{"created":"Publicado em 17\/10\/2020 01:13","modified":"Atualizado em 17\/10\/2020 10:15"},"featured_img_caption":"","featured_img":false,"series_order":"","jetpack_sharing_enabled":true,"_links":{"self":[{"href":"https:\/\/litcult.net.br\/luizalobo\/wp-json\/wp\/v2\/pages\/94","targetHints":{"allow":["GET"]}}],"collection":[{"href":"https:\/\/litcult.net.br\/luizalobo\/wp-json\/wp\/v2\/pages"}],"about":[{"href":"https:\/\/litcult.net.br\/luizalobo\/wp-json\/wp\/v2\/types\/page"}],"author":[{"embeddable":true,"href":"https:\/\/litcult.net.br\/luizalobo\/wp-json\/wp\/v2\/users\/1"}],"replies":[{"embeddable":true,"href":"https:\/\/litcult.net.br\/luizalobo\/wp-json\/wp\/v2\/comments?post=94"}],"version-history":[{"count":2,"href":"https:\/\/litcult.net.br\/luizalobo\/wp-json\/wp\/v2\/pages\/94\/revisions"}],"predecessor-version":[{"id":155,"href":"https:\/\/litcult.net.br\/luizalobo\/wp-json\/wp\/v2\/pages\/94\/revisions\/155"}],"wp:attachment":[{"href":"https:\/\/litcult.net.br\/luizalobo\/wp-json\/wp\/v2\/media?parent=94"}],"curies":[{"name":"wp","href":"https:\/\/api.w.org\/{rel}","templated":true}]}}