{"id":92,"date":"2020-10-17T01:12:53","date_gmt":"2020-10-17T04:12:53","guid":{"rendered":"https:\/\/litcult.net.br\/luizalobo\/?page_id=92"},"modified":"2020-10-17T10:16:11","modified_gmt":"2020-10-17T13:16:11","slug":"academias","status":"publish","type":"page","link":"https:\/\/litcult.net.br\/luizalobo\/academias\/","title":{"rendered":"ACADEMIAS"},"content":{"rendered":"<p>Pertence \u00e0 Diretoria da UBE-RJ, 2020-2023.<\/p>\n<hr \/>\n<p>Pertenceu \u00e0 Diretoria do Pen Clube do Brasil. 2020-2023; 2017-2020. \u00c9 s\u00f3cia desde 1983.<\/p>\n<hr \/>\n<p>Academia Brasileira de Filologia \u2013 ABRAFIL \u2013 desde 2010.<\/p>\n<hr \/>\n<p>Membro-correspondente da Academia Maranhense de Letras \u2013 desde 2000.<\/p>\n<hr \/>\n<p>Membro-correspondente da Academia Ludovicense de Letras \u2013 desde sua funda\u00e7\u00e3o, em 2013.<\/p>\n<hr \/>\n<p>Pertenceu \u00e0s principais associa\u00e7\u00f5es acad\u00eamicas: ANPOLL, AILC, ICA, AATSP. Foi fundadora do N\u00facleo Interdisciplinar de Estudos da Mulher na Literatura, na UFRJ. De 1992 A 2004 (o n\u00facleo ainda existe).<\/p>\n<hr \/>\n<p>Parecerista e membro do Conselho Editorial de diversas revistas especializadas, do CNPq e da CAPES. (Revista de Estudos Afro-Asi\u00e1ticos, Revista Censive, Nantes, Fran\u00e7a, Revista Voo, Universidade Estadual do Paran\u00e1).<\/p>\n","protected":false},"excerpt":{"rendered":"<p>Pertence \u00e0 Diretoria da UBE-RJ, 2020-2023. Pertenceu \u00e0 Diretoria do Pen Clube do Brasil. 2020-2023; 2017-2020. \u00c9 s\u00f3cia desde 1983. Academia Brasileira de Filologia \u2013 ABRAFIL \u2013 desde 2010. Membro-correspondente da Academia Maranhense de Letras \u2013 desde 2000. Membro-correspondente da Academia Ludovicense de Letras \u2013 desde sua funda\u00e7\u00e3o, em 2013. Pertenceu \u00e0s principais associa\u00e7\u00f5es acad\u00eamicas: [&hellip;]<\/p>\n","protected":false},"author":1,"featured_media":0,"parent":0,"menu_order":0,"comment_status":"closed","ping_status":"closed","template":"","meta":{"_uag_custom_page_level_css":"","advgb_blocks_editor_width":"","advgb_blocks_columns_visual_guide":"","footnotes":""},"class_list":["post-92","page","type-page","status-publish","hentry"],"featured_image_src":null,"uagb_featured_image_src":{"full":false,"thumbnail":false,"medium":false,"medium_large":false,"large":false,"1536x1536":false,"2048x2048":false,"ultp_layout_landscape_large":false,"ultp_layout_landscape":false,"ultp_layout_portrait":false,"ultp_layout_square":false},"uagb_author_info":{"display_name":"litcult","author_link":"https:\/\/litcult.net.br\/luizalobo\/author\/litcult\/"},"uagb_comment_info":0,"uagb_excerpt":"Pertence \u00e0 Diretoria da UBE-RJ, 2020-2023. Pertenceu \u00e0 Diretoria do Pen Clube do Brasil. 2020-2023; 2017-2020. \u00c9 s\u00f3cia desde 1983. Academia Brasileira de Filologia \u2013 ABRAFIL \u2013 desde 2010. Membro-correspondente da Academia Maranhense de Letras \u2013 desde 2000. Membro-correspondente da Academia Ludovicense de Letras \u2013 desde sua funda\u00e7\u00e3o, em 2013. Pertenceu \u00e0s principais associa\u00e7\u00f5es acad\u00eamicas:&hellip;","coauthors":[],"author_meta":{"author_link":"https:\/\/litcult.net.br\/luizalobo\/author\/litcult\/","display_name":"litcult"},"relative_dates":{"created":"Publicado 6 anos atr\u00e1s","modified":"Atualizado 6 anos atr\u00e1s"},"absolute_dates":{"created":"Publicado em 17\/10\/2020","modified":"Atualizado em 17\/10\/2020"},"absolute_dates_time":{"created":"Publicado em 17\/10\/2020 01:12","modified":"Atualizado em 17\/10\/2020 10:16"},"featured_img_caption":"","featured_img":false,"series_order":"","jetpack_sharing_enabled":true,"_links":{"self":[{"href":"https:\/\/litcult.net.br\/luizalobo\/wp-json\/wp\/v2\/pages\/92","targetHints":{"allow":["GET"]}}],"collection":[{"href":"https:\/\/litcult.net.br\/luizalobo\/wp-json\/wp\/v2\/pages"}],"about":[{"href":"https:\/\/litcult.net.br\/luizalobo\/wp-json\/wp\/v2\/types\/page"}],"author":[{"embeddable":true,"href":"https:\/\/litcult.net.br\/luizalobo\/wp-json\/wp\/v2\/users\/1"}],"replies":[{"embeddable":true,"href":"https:\/\/litcult.net.br\/luizalobo\/wp-json\/wp\/v2\/comments?post=92"}],"version-history":[{"count":2,"href":"https:\/\/litcult.net.br\/luizalobo\/wp-json\/wp\/v2\/pages\/92\/revisions"}],"predecessor-version":[{"id":156,"href":"https:\/\/litcult.net.br\/luizalobo\/wp-json\/wp\/v2\/pages\/92\/revisions\/156"}],"wp:attachment":[{"href":"https:\/\/litcult.net.br\/luizalobo\/wp-json\/wp\/v2\/media?parent=92"}],"curies":[{"name":"wp","href":"https:\/\/api.w.org\/{rel}","templated":true}]}}