{"id":84,"date":"2020-10-17T01:11:29","date_gmt":"2020-10-17T04:11:29","guid":{"rendered":"https:\/\/litcult.net.br\/luizalobo\/?page_id=84"},"modified":"2020-10-17T10:08:56","modified_gmt":"2020-10-17T13:08:56","slug":"organizadora","status":"publish","type":"page","link":"https:\/\/litcult.net.br\/luizalobo\/organizadora\/","title":{"rendered":"ORGANIZADORA"},"content":{"rendered":"<p>Editora e Revisora da Secretaria de Estado de Educa\u00e7\u00e3o e Cultura (DAS-6, CAI-6), respons\u00e1vel pela edi\u00e7\u00e3o de todos os livros did\u00e1ticos da Secretaria. 1975 &#8211; dezembro 77.<\/p>\n<hr \/>\n<p>Redatora e revisora do INELIVRO da Secretaria de Estado de Educa\u00e7\u00e3o e Cultura. Janeiro 1978 &#8211; 1980. Resenhista e escritora do Caderno B do <em>Jornal do Brasil<\/em> \u2013 1972.<\/p>\n<hr \/>\n<p>Redatora na cobertura em portugu\u00eas do evento Rio-1992, no Rio-Centro. Min. Rela\u00e7\u00f5es Exteriores.<\/p>\n<hr \/>\n<p>Editora da Cole\u00e7\u00e3o Resgate, do Instituto Nacional do Livro, junto \u00e0 Editora Presen\u00e7a, pela elabora\u00e7\u00e3o e coordena\u00e7\u00e3o da cole\u00e7\u00e3o Resgate, do INL, em coedi\u00e7\u00e3o, abarcando oito obras dos s\u00e9culos XIX e XX, entre 1987 e 1992, entre os quais obras raras de autoria feminina:<\/p>\n<hr \/>\n<p>Lan\u00e7amento, no sul do pa\u00eds, o romance <em>\u00darsula<\/em>, da primeira escritora brasileira, que lan\u00e7ou no sul do pa\u00eds, em 3\u00aa edi\u00e7\u00e3o, sendo esta 1\u00aa atualizada: <em>\u00darsula<\/em>, de Maria Firmina dos Reis, com introdu\u00e7\u00e3o de Charles Martin, e notas por Luiza Lobo. Rio de Janeiro, 1988, v. 12. Publica\u00e7\u00e3o dos romances <em>Voleta<\/em>, de Albertina Berta, <em>Celeste<\/em>, de D\u00e9lia, <em>Grada\u00e7\u00f5es, P\u00e1ginas soltas,<\/em> de Carmen Dolores al\u00e9m de <em>Contos amazonenses,<\/em> de Ingl\u00eas de Sousa, 2\u00aa edi\u00e7\u00e3o brasileira, obras de Artur Azevedo, entre outras.<\/p>\n<hr \/>\n<p>Escrita de centenas de ensaios sobre Clarice Lispector, Rachel de Queiroz, Dinah de Queiroz, Sonia Coutinho, N\u00e9lida Pi\u00f1on. Publicou <em>Guia de escritoras da Literatura Brasileira<\/em> e escreveu introdu\u00e7\u00e3o e verbetes para o <em>Bloomsbury Guide to Women\u2019s Literature<\/em>, 1992, ISBN 9780130896650.<\/p>\n<hr \/>\n<p>Organizadora de mais de 30 revistas especializadas e livros, no Brasil e no exterior, em que se destacam: <em>Globaliza\u00e7\u00e3o e literatura. Discursos transculturais<\/em>. v. 1. Org. Luiza Lobo. Rio de Janeiro, Relume-Dumar\u00e1, 1999. Org. et alii, <em>Literatura e feminismo: propostas te\u00f3ricas e reflex\u00f5es cr\u00edticas<\/em>. Rio de Janeiro, Elo, 1999. 256 p., <em>Modernidad y modernizaci\u00f3n, Cultura y literatura en Latinoamerica<\/em>, Quito, Abya-Yala, 2000. 139 p., revista <em>Censive<\/em> <em>\/ Revue Internationale d\u2019\u00c9tudes Lusophones<\/em>, Universidade de Nantes, 4 n\u00fameros, <em>Terceira Margem<\/em>, revista da p\u00f3s-gradua\u00e7\u00e3o da Faculdade de Letras da UFRJ,<em> Revista do Brasil<\/em> (Estado do Rio de Janeiro, nova fase), entre muitas outras.<\/p>\n<hr \/>\n<p>Publica\u00e7\u00e3o da primeira edi\u00e7\u00e3o atualizada do poeta maranhense rom\u00e2ntico \u00e9pico Joaquim de Sousa Andrade (Sous\u00e2ndrade), com introdu\u00e7\u00e3o, gloss\u00e1rio e notas. <em>O Guesa<\/em> (S\u00e3o Lu\u00eds, Academia Maranhense de Letras; Rio de Janeiro, Ponteio, 2012, ISBN 821.134.3(81)-1]). Tamb\u00e9m em vers\u00e3o digital.<\/p>\n<hr \/>\n<p>Editora de um site contendo as revistas liter\u00e1rias <em>Mulheres e Literatura<\/em> e <em>Literatura e Cultura<\/em> (CAPES, 1-B) e <em>Literatura e Cultura<\/em> (2-B), al\u00e9m de textos liter\u00e1rios de autores e autoras brasileiros, tamb\u00e9m em tradu\u00e7\u00e3o (<a href=\"about:blank\">http:\/\/www.litcult.net<\/a>). Pesquisa com alunos de Inicia\u00e7\u00e3o Cient\u00edfica, da UFRJ. Cont\u00e9m centenas de ensaios sobre literatura e cultura e de literatura brasileira. http:\/\/litcult.net.<\/p>\n","protected":false},"excerpt":{"rendered":"<p>Editora e Revisora da Secretaria de Estado de Educa\u00e7\u00e3o e Cultura (DAS-6, CAI-6), respons\u00e1vel pela edi\u00e7\u00e3o de todos os livros did\u00e1ticos da Secretaria. 1975 &#8211; dezembro 77. Redatora e revisora do INELIVRO da Secretaria de Estado de Educa\u00e7\u00e3o e Cultura. Janeiro 1978 &#8211; 1980. Resenhista e escritora do Caderno B do Jornal do Brasil \u2013 [&hellip;]<\/p>\n","protected":false},"author":1,"featured_media":0,"parent":0,"menu_order":0,"comment_status":"closed","ping_status":"closed","template":"","meta":{"_uag_custom_page_level_css":"","advgb_blocks_editor_width":"","advgb_blocks_columns_visual_guide":"","footnotes":""},"class_list":["post-84","page","type-page","status-publish","hentry"],"featured_image_src":null,"uagb_featured_image_src":{"full":false,"thumbnail":false,"medium":false,"medium_large":false,"large":false,"1536x1536":false,"2048x2048":false,"ultp_layout_landscape_large":false,"ultp_layout_landscape":false,"ultp_layout_portrait":false,"ultp_layout_square":false},"uagb_author_info":{"display_name":"litcult","author_link":"https:\/\/litcult.net.br\/luizalobo\/author\/litcult\/"},"uagb_comment_info":0,"uagb_excerpt":"Editora e Revisora da Secretaria de Estado de Educa\u00e7\u00e3o e Cultura (DAS-6, CAI-6), respons\u00e1vel pela edi\u00e7\u00e3o de todos os livros did\u00e1ticos da Secretaria. 1975 &#8211; dezembro 77. Redatora e revisora do INELIVRO da Secretaria de Estado de Educa\u00e7\u00e3o e Cultura. Janeiro 1978 &#8211; 1980. Resenhista e escritora do Caderno B do Jornal do Brasil \u2013&hellip;","coauthors":[],"author_meta":{"author_link":"https:\/\/litcult.net.br\/luizalobo\/author\/litcult\/","display_name":"litcult"},"relative_dates":{"created":"Publicado 6 anos atr\u00e1s","modified":"Atualizado 6 anos atr\u00e1s"},"absolute_dates":{"created":"Publicado em 17\/10\/2020","modified":"Atualizado em 17\/10\/2020"},"absolute_dates_time":{"created":"Publicado em 17\/10\/2020 01:11","modified":"Atualizado em 17\/10\/2020 10:08"},"featured_img_caption":"","featured_img":false,"series_order":"","jetpack_sharing_enabled":true,"_links":{"self":[{"href":"https:\/\/litcult.net.br\/luizalobo\/wp-json\/wp\/v2\/pages\/84","targetHints":{"allow":["GET"]}}],"collection":[{"href":"https:\/\/litcult.net.br\/luizalobo\/wp-json\/wp\/v2\/pages"}],"about":[{"href":"https:\/\/litcult.net.br\/luizalobo\/wp-json\/wp\/v2\/types\/page"}],"author":[{"embeddable":true,"href":"https:\/\/litcult.net.br\/luizalobo\/wp-json\/wp\/v2\/users\/1"}],"replies":[{"embeddable":true,"href":"https:\/\/litcult.net.br\/luizalobo\/wp-json\/wp\/v2\/comments?post=84"}],"version-history":[{"count":2,"href":"https:\/\/litcult.net.br\/luizalobo\/wp-json\/wp\/v2\/pages\/84\/revisions"}],"predecessor-version":[{"id":148,"href":"https:\/\/litcult.net.br\/luizalobo\/wp-json\/wp\/v2\/pages\/84\/revisions\/148"}],"wp:attachment":[{"href":"https:\/\/litcult.net.br\/luizalobo\/wp-json\/wp\/v2\/media?parent=84"}],"curies":[{"name":"wp","href":"https:\/\/api.w.org\/{rel}","templated":true}]}}