{"id":80,"date":"2020-10-17T01:10:59","date_gmt":"2020-10-17T04:10:59","guid":{"rendered":"https:\/\/litcult.net.br\/luizalobo\/?page_id=80"},"modified":"2020-10-17T10:06:01","modified_gmt":"2020-10-17T13:06:01","slug":"poemas","status":"publish","type":"page","link":"https:\/\/litcult.net.br\/luizalobo\/poemas\/","title":{"rendered":"POEMAS"},"content":{"rendered":"<p>Gravat\u00e1 verde, Mar-elo ge-mente, Carro amarelo gema e Voragens, in <em>Ex-Poesia I<\/em>, Mestrado PUC \/ RJ, 1974. mimeo).<\/p>\n<hr \/>\n<p>Devassa(do) poeta, <em>Col\u00f3quio-Letras<\/em>, Lisboa, Funda\u00e7\u00e3o Calouste Gulbenkian, janeiro 1976, n\u00ba <em>29<\/em>, p. 76-79. Sobre o assassinato de Vladimir Herzog, com colagem ao inqu\u00e9rito de Claudio Manoel da Costa<\/p>\n<hr \/>\n<p>Cert\u00e3o e Desert\u00e3o, <em>Tribuna da Imprensa<\/em>, Suplemento Liter\u00e1rio, 27-8 novembro 1976, p. 5.<\/p>\n<hr \/>\n<p>Can\u00e7\u00f5es do ex\u00edlio, in <em>Col\u00f3quio-Letras<\/em>, Lisboa, Funda\u00e7\u00e3o Calouste Gulbenkian, mar\u00e7o-abril 1979, n<sup>\u00ba<\/sup> <em>48<\/em>, p. 54-5.<\/p>\n<hr \/>\n<p>Poemas, in <em>Folhetim<\/em>, S\u00e3o Paulo, 10 junho 1984, n<sup>\u00ba<\/sup> <em>386<\/em>, p. 2.<\/p>\n<hr \/>\n<p>\u201cMultimpress\u00e3o\u201d, in <em>Antologia da nova poesia brasileira<\/em>, org. Olga Savary, S\u00e3o Paulo, Hipocampo; Rio de Janeiro, FUNARTE, 1992. 334 p. p. 176.<\/p>\n<hr \/>\n<p>\u201cAarhus Poems\u201d, Denmark, 2005. Edi\u00e7\u00e3o particular.<\/p>\n<hr \/>\n<p>\u201cA rainha da noite\u201d, \u201cA rainha dos cemit\u00e9rios\u201d, \u201cBrasil\u00edndia\u201d. In: <em>LAD 1. Literatura, Artes &amp; Design<\/em>. Petr\u00f3polis, Literar, 2019. Org. Carmem Teresa Elias, Maria Ara\u00fajo e Z\u00e9lia Fernandes. 80 p. p. 44. Exposi\u00e7\u00e3o 2018. Entrega do t\u00edtulo Abrace. ISBN 978-85-93306-15-0.<\/p>\n","protected":false},"excerpt":{"rendered":"<p>Gravat\u00e1 verde, Mar-elo ge-mente, Carro amarelo gema e Voragens, in Ex-Poesia I, Mestrado PUC \/ RJ, 1974. mimeo). Devassa(do) poeta, Col\u00f3quio-Letras, Lisboa, Funda\u00e7\u00e3o Calouste Gulbenkian, janeiro 1976, n\u00ba 29, p. 76-79. Sobre o assassinato de Vladimir Herzog, com colagem ao inqu\u00e9rito de Claudio Manoel da Costa Cert\u00e3o e Desert\u00e3o, Tribuna da Imprensa, Suplemento Liter\u00e1rio, 27-8 [&hellip;]<\/p>\n","protected":false},"author":1,"featured_media":0,"parent":0,"menu_order":0,"comment_status":"closed","ping_status":"closed","template":"","meta":{"_uag_custom_page_level_css":"","advgb_blocks_editor_width":"","advgb_blocks_columns_visual_guide":"","footnotes":""},"class_list":["post-80","page","type-page","status-publish","hentry"],"featured_image_src":null,"uagb_featured_image_src":{"full":false,"thumbnail":false,"medium":false,"medium_large":false,"large":false,"1536x1536":false,"2048x2048":false,"ultp_layout_landscape_large":false,"ultp_layout_landscape":false,"ultp_layout_portrait":false,"ultp_layout_square":false},"uagb_author_info":{"display_name":"litcult","author_link":"https:\/\/litcult.net.br\/luizalobo\/author\/litcult\/"},"uagb_comment_info":0,"uagb_excerpt":"Gravat\u00e1 verde, Mar-elo ge-mente, Carro amarelo gema e Voragens, in Ex-Poesia I, Mestrado PUC \/ RJ, 1974. mimeo). Devassa(do) poeta, Col\u00f3quio-Letras, Lisboa, Funda\u00e7\u00e3o Calouste Gulbenkian, janeiro 1976, n\u00ba 29, p. 76-79. Sobre o assassinato de Vladimir Herzog, com colagem ao inqu\u00e9rito de Claudio Manoel da Costa Cert\u00e3o e Desert\u00e3o, Tribuna da Imprensa, Suplemento Liter\u00e1rio, 27-8&hellip;","coauthors":[],"author_meta":{"author_link":"https:\/\/litcult.net.br\/luizalobo\/author\/litcult\/","display_name":"litcult"},"relative_dates":{"created":"Publicado 6 anos atr\u00e1s","modified":"Atualizado 6 anos atr\u00e1s"},"absolute_dates":{"created":"Publicado em 17\/10\/2020","modified":"Atualizado em 17\/10\/2020"},"absolute_dates_time":{"created":"Publicado em 17\/10\/2020 01:10","modified":"Atualizado em 17\/10\/2020 10:06"},"featured_img_caption":"","featured_img":false,"series_order":"","jetpack_sharing_enabled":true,"_links":{"self":[{"href":"https:\/\/litcult.net.br\/luizalobo\/wp-json\/wp\/v2\/pages\/80","targetHints":{"allow":["GET"]}}],"collection":[{"href":"https:\/\/litcult.net.br\/luizalobo\/wp-json\/wp\/v2\/pages"}],"about":[{"href":"https:\/\/litcult.net.br\/luizalobo\/wp-json\/wp\/v2\/types\/page"}],"author":[{"embeddable":true,"href":"https:\/\/litcult.net.br\/luizalobo\/wp-json\/wp\/v2\/users\/1"}],"replies":[{"embeddable":true,"href":"https:\/\/litcult.net.br\/luizalobo\/wp-json\/wp\/v2\/comments?post=80"}],"version-history":[{"count":2,"href":"https:\/\/litcult.net.br\/luizalobo\/wp-json\/wp\/v2\/pages\/80\/revisions"}],"predecessor-version":[{"id":144,"href":"https:\/\/litcult.net.br\/luizalobo\/wp-json\/wp\/v2\/pages\/80\/revisions\/144"}],"wp:attachment":[{"href":"https:\/\/litcult.net.br\/luizalobo\/wp-json\/wp\/v2\/media?parent=80"}],"curies":[{"name":"wp","href":"https:\/\/api.w.org\/{rel}","templated":true}]}}