{"id":78,"date":"2020-10-17T01:10:41","date_gmt":"2020-10-17T04:10:41","guid":{"rendered":"https:\/\/litcult.net.br\/luizalobo\/?page_id=78"},"modified":"2020-10-29T11:58:28","modified_gmt":"2020-10-29T14:58:28","slug":"contos","status":"publish","type":"page","link":"https:\/\/litcult.net.br\/luizalobo\/contos\/","title":{"rendered":"CONTOS"},"content":{"rendered":"<p>De como me transformei em repasto de morcegos malvados, in <em>Tintim<\/em>, Rio de Janeiro, Bruguera, 1968, <em>4<\/em>, p. 2.<\/p>\n<hr \/>\n<p>Triste fim de urubu, in <em>Tintim<\/em>, Rio de Janeiro, Bruguera, 1968, <em>8<\/em>, p. 2.<\/p>\n<hr \/>\n<p>O casal sem cabe\u00e7a, in <em>Tintim<\/em>, Rio de Janeiro, Bruguera, 1968, <em>12<\/em>, p. 2.<\/p>\n<hr \/>\n<p>De como me transformei em repasto de morcegos malvados (texto integral), in <em>Antologia de contistas novos<\/em>. Org. Moacir C. Lopes, Rio de Janeiro, INL \/ MEC 1971 (Cole\u00e7\u00e3o Nov\u00edssimos), 2 v, v. 1, p. 23-35.<\/p>\n<hr \/>\n<p>O truta trauteador, in <em>Jos\u00e9<\/em> \u2013 Literatura, cr\u00edtica e arte, Rio de Janeiro, Fontana, agosto 1976, n\u00ba <em>2<\/em>, p. 10-11.<\/p>\n<hr \/>\n<p>O Mestre Radin e seu falso cadafalso, <em>Fic\u00e7\u00e3o<\/em> \u2013 Hist\u00f3rias para o prazer da leitura, Rio de Janeiro, Nova Perspectiva, setembro 1976, <em>9<\/em>, p. 42-5.<\/p>\n<hr \/>\n<p>As hamadr\u00edadas e a qu\u00edntupla coluna de D\u00e9dalo, <em>Jos\u00e9<\/em>, Rio de Janeiro, Fontana, novembro \/ dezembro 1976, <em>5\/6<\/em>, p. 38-40.<\/p>\n<hr \/>\n<p>O apito, in <em>Jos\u00e9<\/em>, Rio de Janeiro, Fontana, dezembro 1977, 9, p. 49-51.<\/p>\n<hr \/>\n<p>Um dia de c\u00e3o, <em>Jornal de Ipanema<\/em>, Rio de Janeiro, 29 fevereiro \u2013 13 mar\u00e7o 1980, Ano 15, <em>304<\/em>, p. 22.<\/p>\n<hr \/>\n<p>Aqualungue escafandro, <em>Revista Brasileira de L\u00edngua e Literatura<\/em>, Rio de Janeiro, ano 2, n\u00ba 4, 2\u00ba trimestre 1980, p. 40-41.<\/p>\n<hr \/>\n<p>\u201cCaipora\u201d, <em>Jornal Psi<\/em>, Rio de Janeiro, Ano 1, <em>4<\/em> [1981], p. 23.<\/p>\n<hr \/>\n<p>\u201cEstranha apari\u00e7\u00e3o\u201d, in revista <em>Fic\u00e7\u00f5es<\/em>.\u00a0 Rio de Janeiro, Sette Letras, Ano II, n\u00ba\u00a0 3, 1<u><sup>o<\/sup><\/u> semestre 1999, p. 22-33. ISBN 85-325-1180-5.<\/p>\n<hr \/>\n<p>\u201cLa guerra de los orichas\u201d, in revista <em>Revoluci\u00f3n y Cultura<\/em>, Habana, Cuba, n. 4, julio-agosto 2000, p. 40-4. Tamb\u00e9m em<\/p>\n<p><a href=\"http:\/\/cubarte.cult.cu\/\">www.(cubarte).cult.cu\/publi\/revcu. 2001<\/a>.<\/p>\n<hr \/>\n<p>\u201cBola na ca\u00e7apa\u201d, in <em>SIDARTA<\/em>, Jornal de Artes e Personagens, ed. Sonia Coutinho, blogger, 11 julho 2004. p. 5-6.<\/p>\n<hr \/>\n<p>Tradu\u00e7\u00e3o do conto de Luiza Lobo \u201cA primeira noite\u201d, 49-56. \u201cAuro\u201d, tradu\u00e7\u00e3o do conto \u201cAuro\u201d, 57-64, por Gerdild Reisner, \u201cDie erste Nacht\u201d, In: Reisner, Gerhild; Prantner, Elisabeth, Orgs. <em>Mosaik aus dem Innersten. Neue Erz\u00e4hlprosa lateinamerikanischer Autorinnen<\/em>. Wien, Munster, Lit, 2007. (Lateinamerikanistik Band 6). ISBN: \u00d6sterreich: 978-3-7000-0694-7; Deutschland: 978-3-8258-040-9. 257 p.<\/p>\n<hr \/>\n<p>Tradu\u00e7\u00e3o do conto \u201cMestre Radin e seu falso cadafalso\u201d\u00a0 por Ashley Brown, \u201cMaster Radin and his False Cadafalse\u201d. In: Maria Ang\u00e9lica Guimar\u00e3es Lopes, Ed. <em>The Brazilian Short Story in the Late 20h Century. <\/em><em>A Selection from 19 Authors<\/em>, by. Mary L. Daniel (contributor). Intr. Lopes, 1-10. New York, Edwin Mellen Press, 2009. ISBN 978-0-7734-4904-6 \u2013 Index 0-7734-4904-3. 200 p. p. 99-104.<\/p>\n<hr \/>\n<p>Conto \u201cUm feriado surrealista\u201d. Facebook do Pen Clube Internacional &#8211; Brasil. 2019-2.<\/p>\n<hr \/>\n<p>De como me transformei em repasto de morcegos malvados, in <em>Tintim<\/em>, Rio de Janeiro, Bruguera, 1968, <em>4<\/em>, p. 2.<\/p>\n<hr \/>\n<p>Triste fim de urubu, in <em>Tintim<\/em>, Rio de Janeiro, Bruguera, 1968, <em>8<\/em>, p. 2.<\/p>\n<hr \/>\n<p>O casal sem cabe\u00e7a, in <em>Tintim<\/em>, Rio de Janeiro, Bruguera, 1968, <em>12<\/em>, p. 2.<\/p>\n<hr \/>\n<p>De como me transformei em repasto de morcegos malvados (texto integral), in <em>Antologia de contistas novos<\/em>. Org. Moacir C. Lopes, Rio de Janeiro, INL \/ MEC 1971 (Cole\u00e7\u00e3o Nov\u00edssimos), 2 v, v. 1, p. 23-35.<\/p>\n<hr \/>\n<p>O truta trauteador, in <em>Jos\u00e9<\/em> \u2013 Literatura, cr\u00edtica e arte, Rio de Janeiro, Fontana, agosto 1976, n\u00ba <em>2<\/em>, p. 10-11.<\/p>\n<hr \/>\n<p>O Mestre Radin e seu falso cadafalso, <em>Fic\u00e7\u00e3o<\/em> \u2013 Hist\u00f3rias para o prazer da leitura, Rio de Janeiro, Nova Perspectiva, setembro 1976, <em>9<\/em>, p. 42-5.<\/p>\n<hr \/>\n<p>As hamadr\u00edadas e a qu\u00edntupla coluna de D\u00e9dalo, <em>Jos\u00e9<\/em>, Rio de Janeiro, Fontana, novembro \/ dezembro 1976, <em>5\/6<\/em>, p. 38-40.<\/p>\n<hr \/>\n<p>O apito, in <em>Jos\u00e9<\/em>, Rio de Janeiro, Fontana, dezembro 1977, 9, p. 49-51.<\/p>\n<hr \/>\n<p>Um dia de c\u00e3o, <em>Jornal de Ipanema<\/em>, Rio de Janeiro, 29 fevereiro \u2013 13 mar\u00e7o 1980, Ano 15, <em>304<\/em>, p. 22.<\/p>\n<hr \/>\n<p>Aqualungue escafandro, <em>Revista Brasileira de L\u00edngua e Literatura<\/em>, Rio de Janeiro, ano 2, n\u00ba 4, 2\u00ba trimestre 1980, p. 40-41.<\/p>\n<hr \/>\n<p>\u201cCaipora\u201d, <em>Jornal Psi<\/em>, Rio de Janeiro, Ano 1, <em>4<\/em> [1981], p. 23.<\/p>\n<hr \/>\n<p>\u201cEstranha apari\u00e7\u00e3o\u201d, in revista <em>Fic\u00e7\u00f5es<\/em>.\u00a0 Rio de Janeiro, Sette Letras, Ano II, n\u00ba\u00a0 3, 1<u><sup>o<\/sup><\/u> semestre 1999, p. 22-33. ISBN 85-325-1180-5.<\/p>\n<hr \/>\n<p>\u201cLa guerra de los orichas\u201d, in revista <em>Revoluci\u00f3n y Cultura<\/em>, Habana, Cuba, n. 4, julio-agosto 2000, p. 40-4. Tamb\u00e9m em<\/p>\n<p><a href=\"http:\/\/cubarte.cult.cu\/\">www.(cubarte).cult.cu\/publi\/revcu. 2001<\/a>.<\/p>\n<hr \/>\n<p>\u201cBola na ca\u00e7apa\u201d, in <em>SIDARTA<\/em>, Jornal de Artes e Personagens, ed. Sonia Coutinho, blogger, 11 julho 2004. p. 5-6.<\/p>\n<hr \/>\n<p>Contos: Gerhild Reisner, \u201cUbersetzung: Die erste Nacht\u201d, tradu\u00e7\u00e3o do conto de Luiza Lobo \u201cA primeira noite\u201d, 49-56. \u201cAuro\u201d, tradu\u00e7\u00e3o do conto \u201cAuro\u201d, 57-64. In: Reisner, Gerhild; Prantner, Elisabeth, Orgs. <em>Mosaik aus dem Innersten. Neue Erz\u00e4hlprosa lateinamerikanischer Autorinnen<\/em>. Wien, Munster, Lit, 2007. (Lateinamerikanistik Band 6). ISBN: \u00d6sterreich: 978-3-7000-0694-7; Deutschland: 978-3-8258-040-9. 257 p.<\/p>\n<hr \/>\n<p>Conto \u201cMestre Radin e seu falso cadafalso\u201d (Master Radin and his False Cadafalse), traduzido por Ashley Brown, in Maria Ang\u00e9lica Guimar\u00e3es Lopes, ed. <em>The Brazilian Short Story in the Late 20h Century. <\/em><em>A Selection from 19 Authors<\/em>, by. Mary L. Daniel (contributor). Intr. Lopes, 1-10. New York, Edwin Mellen Press, 2009. ISBN 978-0-7734-4904-6 \u2013 Index 0-7734-4904-3. 200 p. p. 99-104.<\/p>\n<hr \/>\n<p>Conto \u201cUm feriado surrealista\u201d. Facebook do Pen Clube Internacional &#8211; Brasil. 2019-2.<\/p>\n","protected":false},"excerpt":{"rendered":"<p>De como me transformei em repasto de morcegos malvados, in Tintim, Rio de Janeiro, Bruguera, 1968, 4, p. 2. Triste fim de urubu, in Tintim, Rio de Janeiro, Bruguera, 1968, 8, p. 2. O casal sem cabe\u00e7a, in Tintim, Rio de Janeiro, Bruguera, 1968, 12, p. 2. De como me transformei em repasto de morcegos [&hellip;]<\/p>\n","protected":false},"author":1,"featured_media":0,"parent":0,"menu_order":0,"comment_status":"closed","ping_status":"closed","template":"","meta":{"_uag_custom_page_level_css":"","advgb_blocks_editor_width":"","advgb_blocks_columns_visual_guide":"","footnotes":""},"class_list":["post-78","page","type-page","status-publish","hentry"],"featured_image_src":null,"uagb_featured_image_src":{"full":false,"thumbnail":false,"medium":false,"medium_large":false,"large":false,"1536x1536":false,"2048x2048":false,"ultp_layout_landscape_large":false,"ultp_layout_landscape":false,"ultp_layout_portrait":false,"ultp_layout_square":false},"uagb_author_info":{"display_name":"litcult","author_link":"https:\/\/litcult.net.br\/luizalobo\/author\/litcult\/"},"uagb_comment_info":0,"uagb_excerpt":"De como me transformei em repasto de morcegos malvados, in Tintim, Rio de Janeiro, Bruguera, 1968, 4, p. 2. Triste fim de urubu, in Tintim, Rio de Janeiro, Bruguera, 1968, 8, p. 2. O casal sem cabe\u00e7a, in Tintim, Rio de Janeiro, Bruguera, 1968, 12, p. 2. De como me transformei em repasto de morcegos&hellip;","coauthors":[],"author_meta":{"author_link":"https:\/\/litcult.net.br\/luizalobo\/author\/litcult\/","display_name":"litcult"},"relative_dates":{"created":"Publicado 6 anos atr\u00e1s","modified":"Atualizado 6 anos atr\u00e1s"},"absolute_dates":{"created":"Publicado em 17\/10\/2020","modified":"Atualizado em 29\/10\/2020"},"absolute_dates_time":{"created":"Publicado em 17\/10\/2020 01:10","modified":"Atualizado em 29\/10\/2020 11:58"},"featured_img_caption":"","featured_img":false,"series_order":"","jetpack_sharing_enabled":true,"_links":{"self":[{"href":"https:\/\/litcult.net.br\/luizalobo\/wp-json\/wp\/v2\/pages\/78","targetHints":{"allow":["GET"]}}],"collection":[{"href":"https:\/\/litcult.net.br\/luizalobo\/wp-json\/wp\/v2\/pages"}],"about":[{"href":"https:\/\/litcult.net.br\/luizalobo\/wp-json\/wp\/v2\/types\/page"}],"author":[{"embeddable":true,"href":"https:\/\/litcult.net.br\/luizalobo\/wp-json\/wp\/v2\/users\/1"}],"replies":[{"embeddable":true,"href":"https:\/\/litcult.net.br\/luizalobo\/wp-json\/wp\/v2\/comments?post=78"}],"version-history":[{"count":12,"href":"https:\/\/litcult.net.br\/luizalobo\/wp-json\/wp\/v2\/pages\/78\/revisions"}],"predecessor-version":[{"id":243,"href":"https:\/\/litcult.net.br\/luizalobo\/wp-json\/wp\/v2\/pages\/78\/revisions\/243"}],"wp:attachment":[{"href":"https:\/\/litcult.net.br\/luizalobo\/wp-json\/wp\/v2\/media?parent=78"}],"curies":[{"name":"wp","href":"https:\/\/api.w.org\/{rel}","templated":true}]}}