{"id":10,"date":"2020-07-16T19:21:20","date_gmt":"2020-07-16T22:21:20","guid":{"rendered":"https:\/\/litcult.net.br\/luizalobo\/?page_id=10"},"modified":"2023-10-27T13:38:43","modified_gmt":"2023-10-27T16:38:43","slug":"contato","status":"publish","type":"page","link":"https:\/\/litcult.net.br\/luizalobo\/contato\/","title":{"rendered":"Contato"},"content":{"rendered":"\n<p>Para compra de livros entre em contato por e-mail.<\/p>\n\n\n\n<p>E-mail:&nbsp;<a href=\"about:blank\">litcultnet@gmail.com<\/a><\/p>\n\n\n\n<p>Site:\u00a0litcult.net.br\u00a0\u2013 Aceita resenhas (ver Normas de entrega do texto).<\/p>\n\n\n\n<p>Cont\u00e9m a mem\u00f3ria das revistas&nbsp;<a href=\"https:\/\/litcult.net\/\"><em>Mulheres e Literatura<\/em><\/a>&nbsp;e&nbsp;<a href=\"https:\/\/litcult.net\/\"><em>Literatura e Cultura<\/em><\/a>&nbsp;e a se\u00e7\u00e3o&nbsp;<a href=\"https:\/\/litcult.net\/category\/escritores\/\">Escritores<\/a>.<\/p>\n\n\n\n<p><\/p>\n","protected":false},"excerpt":{"rendered":"<p>Para compra de livros entre em contato por e-mail. E-mail:&nbsp;litcultnet@gmail.com Site:\u00a0litcult.net.br\u00a0\u2013 Aceita resenhas (ver Normas de entrega do texto). Cont\u00e9m a mem\u00f3ria das revistas&nbsp;Mulheres e Literatura&nbsp;e&nbsp;Literatura e Cultura&nbsp;e a se\u00e7\u00e3o&nbsp;Escritores.<\/p>\n","protected":false},"author":1,"featured_media":5,"parent":0,"menu_order":0,"comment_status":"closed","ping_status":"closed","template":"","meta":{"_uag_custom_page_level_css":"","advgb_blocks_editor_width":"","advgb_blocks_columns_visual_guide":"","footnotes":""},"class_list":["post-10","page","type-page","status-publish","has-post-thumbnail","hentry"],"featured_image_src":"https:\/\/litcult.net.br\/luizalobo\/wp-content\/uploads\/2020\/07\/espresso.jpg","uagb_featured_image_src":{"full":["https:\/\/litcult.net.br\/luizalobo\/wp-content\/uploads\/2020\/07\/espresso.jpg",2000,1200,false],"thumbnail":["https:\/\/litcult.net.br\/luizalobo\/wp-content\/uploads\/2020\/07\/espresso-150x150.jpg",150,150,true],"medium":["https:\/\/litcult.net.br\/luizalobo\/wp-content\/uploads\/2020\/07\/espresso-300x180.jpg",300,180,true],"medium_large":["https:\/\/litcult.net.br\/luizalobo\/wp-content\/uploads\/2020\/07\/espresso-768x461.jpg",768,461,true],"large":["https:\/\/litcult.net.br\/luizalobo\/wp-content\/uploads\/2020\/07\/espresso-1024x614.jpg",1024,614,true],"1536x1536":["https:\/\/litcult.net.br\/luizalobo\/wp-content\/uploads\/2020\/07\/espresso-1536x922.jpg",1536,922,true],"2048x2048":["https:\/\/litcult.net.br\/luizalobo\/wp-content\/uploads\/2020\/07\/espresso.jpg",2000,1200,false],"ultp_layout_landscape_large":["https:\/\/litcult.net.br\/luizalobo\/wp-content\/uploads\/2020\/07\/espresso.jpg",1200,720,false],"ultp_layout_landscape":["https:\/\/litcult.net.br\/luizalobo\/wp-content\/uploads\/2020\/07\/espresso.jpg",870,522,false],"ultp_layout_portrait":["https:\/\/litcult.net.br\/luizalobo\/wp-content\/uploads\/2020\/07\/espresso.jpg",600,360,false],"ultp_layout_square":["https:\/\/litcult.net.br\/luizalobo\/wp-content\/uploads\/2020\/07\/espresso.jpg",600,360,false]},"uagb_author_info":{"display_name":"litcult","author_link":"https:\/\/litcult.net.br\/luizalobo\/author\/litcult\/"},"uagb_comment_info":0,"uagb_excerpt":"Para compra de livros entre em contato por e-mail. E-mail:&nbsp;litcultnet@gmail.com Site:\u00a0litcult.net.br\u00a0\u2013 Aceita resenhas (ver Normas de entrega do texto). Cont\u00e9m a mem\u00f3ria das revistas&nbsp;Mulheres e Literatura&nbsp;e&nbsp;Literatura e Cultura&nbsp;e a se\u00e7\u00e3o&nbsp;Escritores.","coauthors":[],"author_meta":{"author_link":"https:\/\/litcult.net.br\/luizalobo\/author\/litcult\/","display_name":"litcult"},"relative_dates":{"created":"Publicado 6 anos atr\u00e1s","modified":"Atualizado 3 anos atr\u00e1s"},"absolute_dates":{"created":"Publicado em 16\/07\/2020","modified":"Atualizado em 27\/10\/2023"},"absolute_dates_time":{"created":"Publicado em 16\/07\/2020 19:21","modified":"Atualizado em 27\/10\/2023 13:38"},"featured_img_caption":"","featured_img":"https:\/\/litcult.net.br\/luizalobo\/wp-content\/uploads\/2020\/07\/espresso.jpg","series_order":"","jetpack_sharing_enabled":true,"_links":{"self":[{"href":"https:\/\/litcult.net.br\/luizalobo\/wp-json\/wp\/v2\/pages\/10","targetHints":{"allow":["GET"]}}],"collection":[{"href":"https:\/\/litcult.net.br\/luizalobo\/wp-json\/wp\/v2\/pages"}],"about":[{"href":"https:\/\/litcult.net.br\/luizalobo\/wp-json\/wp\/v2\/types\/page"}],"author":[{"embeddable":true,"href":"https:\/\/litcult.net.br\/luizalobo\/wp-json\/wp\/v2\/users\/1"}],"replies":[{"embeddable":true,"href":"https:\/\/litcult.net.br\/luizalobo\/wp-json\/wp\/v2\/comments?post=10"}],"version-history":[{"count":6,"href":"https:\/\/litcult.net.br\/luizalobo\/wp-json\/wp\/v2\/pages\/10\/revisions"}],"predecessor-version":[{"id":439,"href":"https:\/\/litcult.net.br\/luizalobo\/wp-json\/wp\/v2\/pages\/10\/revisions\/439"}],"wp:featuredmedia":[{"embeddable":true,"href":"https:\/\/litcult.net.br\/luizalobo\/wp-json\/wp\/v2\/media\/5"}],"wp:attachment":[{"href":"https:\/\/litcult.net.br\/luizalobo\/wp-json\/wp\/v2\/media?parent=10"}],"curies":[{"name":"wp","href":"https:\/\/api.w.org\/{rel}","templated":true}]}}